{"id":2718,"date":"2025-01-31T10:15:30","date_gmt":"2025-01-31T10:15:30","guid":{"rendered":"https:\/\/www.arabofriezen.be\/?page_id=2718"},"modified":"2025-02-02T15:59:11","modified_gmt":"2025-02-02T15:59:11","slug":"hengsten-maiko-dlb-classic-innovation","status":"publish","type":"page","link":"https:\/\/www.arabofriezen.be\/fr\/hengsten\/hengsten-maiko-dlb-classic-innovation\/","title":{"rendered":"Hengsten &#8211; Ma\u00efko DLB Classic Innovation"},"content":{"rendered":"<div data-elementor-type=\"wp-page\" data-elementor-id=\"2718\" class=\"elementor elementor-2718\" data-elementor-post-type=\"page\">\n\t\t\t\t\t\t<section class=\"elementor-section elementor-top-section elementor-element elementor-element-267dfb8 elementor-section-boxed elementor-section-height-default elementor-section-height-default wpr-particle-no wpr-jarallax-no wpr-parallax-no wpr-sticky-section-no\" data-id=\"267dfb8\" data-element_type=\"section\" data-e-type=\"section\">\n\t\t\t\t\t\t<div class=\"elementor-container elementor-column-gap-default\">\n\t\t\t\t\t<div class=\"elementor-column elementor-col-100 elementor-top-column elementor-element elementor-element-465faf8\" data-id=\"465faf8\" data-element_type=\"column\" data-e-type=\"column\">\n\t\t\t<div class=\"elementor-widget-wrap elementor-element-populated\">\n\t\t\t\t\t\t<div class=\"elementor-element elementor-element-fd9c12f elementor-widget elementor-widget-heading\" data-id=\"fd9c12f\" data-element_type=\"widget\" data-e-type=\"widget\" data-widget_type=\"heading.default\">\n\t\t\t\t<div class=\"elementor-widget-container\">\n\t\t\t\t\t<h2 class=\"elementor-heading-title elementor-size-default\">Ma\u00efko DLB Classic Innovation<\/h2>\t\t\t\t<\/div>\n\t\t\t\t<\/div>\n\t\t\t\t\t<\/div>\n\t\t<\/div>\n\t\t\t\t\t<\/div>\n\t\t<\/section>\n\t\t\t\t<section class=\"elementor-section elementor-top-section elementor-element elementor-element-e92d284 elementor-section-boxed elementor-section-height-default elementor-section-height-default wpr-particle-no wpr-jarallax-no wpr-parallax-no wpr-sticky-section-no\" data-id=\"e92d284\" data-element_type=\"section\" data-e-type=\"section\">\n\t\t\t\t\t\t<div class=\"elementor-container elementor-column-gap-default\">\n\t\t\t\t\t<div class=\"elementor-column elementor-col-16 elementor-top-column elementor-element elementor-element-7035e0f\" data-id=\"7035e0f\" data-element_type=\"column\" data-e-type=\"column\">\n\t\t\t<div class=\"elementor-widget-wrap\">\n\t\t\t\t\t\t\t<\/div>\n\t\t<\/div>\n\t\t\t\t<div class=\"elementor-column elementor-col-66 elementor-top-column elementor-element elementor-element-dd86fdf\" data-id=\"dd86fdf\" data-element_type=\"column\" data-e-type=\"column\">\n\t\t\t<div class=\"elementor-widget-wrap elementor-element-populated\">\n\t\t\t\t\t\t<div class=\"elementor-element elementor-element-3783829 dce_masking-none elementor-widget elementor-widget-image\" data-id=\"3783829\" data-element_type=\"widget\" data-e-type=\"widget\" data-widget_type=\"image.default\">\n\t\t\t\t<div class=\"elementor-widget-container\">\n\t\t\t\t\t\t\t\t\t\t\t\t\t\t\t<img fetchpriority=\"high\" decoding=\"async\" width=\"800\" height=\"784\" src=\"https:\/\/www.arabofriezen.be\/wp-content\/uploads\/2025\/01\/7K9A5912-zonder-logo-1024x1004.jpeg\" class=\"attachment-large size-large wp-image-2721\" alt=\"\" srcset=\"https:\/\/www.arabofriezen.be\/wp-content\/uploads\/2025\/01\/7K9A5912-zonder-logo-1024x1004.jpeg 1024w, https:\/\/www.arabofriezen.be\/wp-content\/uploads\/2025\/01\/7K9A5912-zonder-logo-300x294.jpeg 300w, https:\/\/www.arabofriezen.be\/wp-content\/uploads\/2025\/01\/7K9A5912-zonder-logo-768x753.jpeg 768w, https:\/\/www.arabofriezen.be\/wp-content\/uploads\/2025\/01\/7K9A5912-zonder-logo-1536x1506.jpeg 1536w, https:\/\/www.arabofriezen.be\/wp-content\/uploads\/2025\/01\/7K9A5912-zonder-logo-2048x2008.jpeg 2048w, https:\/\/www.arabofriezen.be\/wp-content\/uploads\/2025\/01\/7K9A5912-zonder-logo-600x588.jpeg 600w\" sizes=\"(max-width: 800px) 100vw, 800px\" \/>\t\t\t\t\t\t\t\t\t\t\t\t\t\t\t<\/div>\n\t\t\t\t<\/div>\n\t\t\t\t\t<\/div>\n\t\t<\/div>\n\t\t\t\t<div class=\"elementor-column elementor-col-16 elementor-top-column elementor-element elementor-element-5df4fbf\" data-id=\"5df4fbf\" data-element_type=\"column\" data-e-type=\"column\">\n\t\t\t<div class=\"elementor-widget-wrap\">\n\t\t\t\t\t\t\t<\/div>\n\t\t<\/div>\n\t\t\t\t\t<\/div>\n\t\t<\/section>\n\t\t\t\t<section class=\"elementor-section elementor-top-section elementor-element elementor-element-c3d80c9 elementor-section-boxed elementor-section-height-default elementor-section-height-default wpr-particle-no wpr-jarallax-no wpr-parallax-no wpr-sticky-section-no\" data-id=\"c3d80c9\" data-element_type=\"section\" data-e-type=\"section\">\n\t\t\t\t\t\t<div class=\"elementor-container elementor-column-gap-default\">\n\t\t\t\t\t<div class=\"elementor-column elementor-col-100 elementor-top-column elementor-element elementor-element-dd5c48a\" data-id=\"dd5c48a\" data-element_type=\"column\" data-e-type=\"column\">\n\t\t\t<div class=\"elementor-widget-wrap elementor-element-populated\">\n\t\t\t\t\t\t<div class=\"elementor-element elementor-element-8646287 elementor-widget elementor-widget-text-editor\" data-id=\"8646287\" data-element_type=\"widget\" data-e-type=\"widget\" data-widget_type=\"text-editor.default\">\n\t\t\t\t<div class=\"elementor-widget-container\">\n\t\t\t\t\t\t\t\t\t<p>Eigenaar: Stoeterij Willy Naessens<\/p><p>Ma\u00efko meet 1m70 en is homozygoot zwart.<\/p><p>Steven Gobin<br \/>+32 56 69 41 11<br \/>+32 476 26 08 89<\/p><p>Wortegem-Petegem<br \/>stoeterij@willynaessens.be<\/p>\t\t\t\t\t\t\t\t<\/div>\n\t\t\t\t<\/div>\n\t\t\t\t\t<\/div>\n\t\t<\/div>\n\t\t\t\t\t<\/div>\n\t\t<\/section>\n\t\t\t\t<section class=\"elementor-section elementor-top-section elementor-element elementor-element-bdd12ea elementor-section-boxed elementor-section-height-default elementor-section-height-default wpr-particle-no wpr-jarallax-no wpr-parallax-no wpr-sticky-section-no\" data-id=\"bdd12ea\" data-element_type=\"section\" data-e-type=\"section\">\n\t\t\t\t\t\t<div class=\"elementor-container elementor-column-gap-default\">\n\t\t\t\t\t<div class=\"elementor-column elementor-col-50 elementor-top-column elementor-element elementor-element-e7e546a\" data-id=\"e7e546a\" data-element_type=\"column\" data-e-type=\"column\">\n\t\t\t<div class=\"elementor-widget-wrap elementor-element-populated\">\n\t\t\t\t\t\t<div class=\"elementor-element elementor-element-1a574ed elementor-share-buttons--view-icon-text elementor-share-buttons--skin-gradient elementor-share-buttons--shape-square elementor-grid-0 elementor-share-buttons--color-official elementor-widget elementor-widget-share-buttons\" data-id=\"1a574ed\" data-element_type=\"widget\" data-e-type=\"widget\" data-widget_type=\"share-buttons.default\">\n\t\t\t\t<div class=\"elementor-widget-container\">\n\t\t\t\t\t\t\t<div class=\"elementor-grid\" role=\"list\">\n\t\t\t\t\t\t\t\t<div class=\"elementor-grid-item\" role=\"listitem\">\n\t\t\t\t\t\t<div class=\"elementor-share-btn elementor-share-btn_facebook\" role=\"button\" tabindex=\"0\" aria-label=\"Delen op facebook\">\n\t\t\t\t\t\t\t\t\t\t\t\t\t\t\t<span class=\"elementor-share-btn__icon\">\n\t\t\t\t\t\t\t\t<i class=\"fab fa-facebook\" aria-hidden=\"true\"><\/i>\t\t\t\t\t\t\t<\/span>\n\t\t\t\t\t\t\t\t\t\t\t\t\t\t\t\t\t\t\t\t\t\t<div class=\"elementor-share-btn__text\">\n\t\t\t\t\t\t\t\t\t\t\t\t\t\t\t\t\t\t\t<span class=\"elementor-share-btn__title\">\n\t\t\t\t\t\t\t\t\t\tFacebook\t\t\t\t\t\t\t\t\t<\/span>\n\t\t\t\t\t\t\t\t\t\t\t\t\t\t\t\t\t<\/div>\n\t\t\t\t\t\t\t\t\t\t\t\t\t<\/div>\n\t\t\t\t\t<\/div>\n\t\t\t\t\t\t\t\t\t<div class=\"elementor-grid-item\" role=\"listitem\">\n\t\t\t\t\t\t<div class=\"elementor-share-btn elementor-share-btn_email\" role=\"button\" tabindex=\"0\" aria-label=\"Delen op email\">\n\t\t\t\t\t\t\t\t\t\t\t\t\t\t\t<span class=\"elementor-share-btn__icon\">\n\t\t\t\t\t\t\t\t<i class=\"fas fa-envelope\" aria-hidden=\"true\"><\/i>\t\t\t\t\t\t\t<\/span>\n\t\t\t\t\t\t\t\t\t\t\t\t\t\t\t\t\t\t\t\t\t\t<div class=\"elementor-share-btn__text\">\n\t\t\t\t\t\t\t\t\t\t\t\t\t\t\t\t\t\t\t<span class=\"elementor-share-btn__title\">\n\t\t\t\t\t\t\t\t\t\tEmail\t\t\t\t\t\t\t\t\t<\/span>\n\t\t\t\t\t\t\t\t\t\t\t\t\t\t\t\t\t<\/div>\n\t\t\t\t\t\t\t\t\t\t\t\t\t<\/div>\n\t\t\t\t\t<\/div>\n\t\t\t\t\t\t<\/div>\n\t\t\t\t\t\t<\/div>\n\t\t\t\t<\/div>\n\t\t\t\t\t<\/div>\n\t\t<\/div>\n\t\t\t\t<div class=\"elementor-column elementor-col-50 elementor-top-column elementor-element elementor-element-f19588e\" data-id=\"f19588e\" data-element_type=\"column\" data-e-type=\"column\">\n\t\t\t<div class=\"elementor-widget-wrap\">\n\t\t\t\t\t\t\t<\/div>\n\t\t<\/div>\n\t\t\t\t\t<\/div>\n\t\t<\/section>\n\t\t\t\t<section class=\"elementor-section elementor-top-section elementor-element elementor-element-1185d57 elementor-section-boxed elementor-section-height-default elementor-section-height-default wpr-particle-no wpr-jarallax-no wpr-parallax-no wpr-sticky-section-no\" data-id=\"1185d57\" data-element_type=\"section\" data-e-type=\"section\">\n\t\t\t\t\t\t<div class=\"elementor-container elementor-column-gap-default\">\n\t\t\t\t\t<div class=\"elementor-column elementor-col-100 elementor-top-column elementor-element elementor-element-4ad9401\" data-id=\"4ad9401\" data-element_type=\"column\" data-e-type=\"column\">\n\t\t\t<div class=\"elementor-widget-wrap elementor-element-populated\">\n\t\t\t\t\t\t<div class=\"elementor-element elementor-element-7d9f8d7 elementor-widget elementor-widget-heading\" data-id=\"7d9f8d7\" data-element_type=\"widget\" data-e-type=\"widget\" data-widget_type=\"heading.default\">\n\t\t\t\t<div class=\"elementor-widget-container\">\n\t\t\t\t\t<h2 class=\"elementor-heading-title elementor-size-default\">Pedigree<\/h2>\t\t\t\t<\/div>\n\t\t\t\t<\/div>\n\t\t\t\t\t<\/div>\n\t\t<\/div>\n\t\t\t\t\t<\/div>\n\t\t<\/section>\n\t\t\t\t<section class=\"elementor-section elementor-top-section elementor-element elementor-element-2fd33b7 elementor-section-boxed elementor-section-height-default elementor-section-height-default wpr-particle-no wpr-jarallax-no wpr-parallax-no wpr-sticky-section-no\" data-id=\"2fd33b7\" data-element_type=\"section\" data-e-type=\"section\">\n\t\t\t\t\t\t<div class=\"elementor-container elementor-column-gap-default\">\n\t\t\t\t\t<div class=\"elementor-column elementor-col-100 elementor-top-column elementor-element elementor-element-f7b73ad\" data-id=\"f7b73ad\" data-element_type=\"column\" data-e-type=\"column\">\n\t\t\t<div class=\"elementor-widget-wrap elementor-element-populated\">\n\t\t\t\t\t\t<div class=\"elementor-element elementor-element-0daa286 dce_masking-none elementor-widget elementor-widget-image\" data-id=\"0daa286\" data-element_type=\"widget\" data-e-type=\"widget\" data-widget_type=\"image.default\">\n\t\t\t\t<div class=\"elementor-widget-container\">\n\t\t\t\t\t\t\t\t\t\t\t\t\t\t\t<img decoding=\"async\" width=\"800\" height=\"573\" src=\"https:\/\/www.arabofriezen.be\/wp-content\/uploads\/2025\/02\/Maiko-DLB-1024x734.jpg\" class=\"attachment-large size-large wp-image-2741\" alt=\"\" srcset=\"https:\/\/www.arabofriezen.be\/wp-content\/uploads\/2025\/02\/Maiko-DLB-1024x734.jpg 1024w, https:\/\/www.arabofriezen.be\/wp-content\/uploads\/2025\/02\/Maiko-DLB-300x215.jpg 300w, https:\/\/www.arabofriezen.be\/wp-content\/uploads\/2025\/02\/Maiko-DLB-768x550.jpg 768w, https:\/\/www.arabofriezen.be\/wp-content\/uploads\/2025\/02\/Maiko-DLB-600x430.jpg 600w, https:\/\/www.arabofriezen.be\/wp-content\/uploads\/2025\/02\/Maiko-DLB.jpg 1129w\" sizes=\"(max-width: 800px) 100vw, 800px\" \/>\t\t\t\t\t\t\t\t\t\t\t\t\t\t\t<\/div>\n\t\t\t\t<\/div>\n\t\t\t\t\t<\/div>\n\t\t<\/div>\n\t\t\t\t\t<\/div>\n\t\t<\/section>\n\t\t\t\t<section class=\"elementor-section elementor-top-section elementor-element elementor-element-2198b9b elementor-section-boxed elementor-section-height-default elementor-section-height-default wpr-particle-no wpr-jarallax-no wpr-parallax-no wpr-sticky-section-no\" data-id=\"2198b9b\" data-element_type=\"section\" data-e-type=\"section\">\n\t\t\t\t\t\t<div class=\"elementor-container elementor-column-gap-default\">\n\t\t\t\t\t<div class=\"elementor-column elementor-col-100 elementor-top-column elementor-element elementor-element-9d42a00\" data-id=\"9d42a00\" data-element_type=\"column\" data-e-type=\"column\">\n\t\t\t<div class=\"elementor-widget-wrap elementor-element-populated\">\n\t\t\t\t\t\t<div class=\"elementor-element elementor-element-a8f3fb3 elementor-widget elementor-widget-button\" data-id=\"a8f3fb3\" data-element_type=\"widget\" data-e-type=\"widget\" data-widget_type=\"button.default\">\n\t\t\t\t<div class=\"elementor-widget-container\">\n\t\t\t\t\t\t\t\t\t<div class=\"elementor-button-wrapper\">\n\t\t\t\t\t<a class=\"elementor-button elementor-button-link elementor-size-sm\" href=\"https:\/\/www.arabofriezen.be\/fr\/hengsten\/\">\n\t\t\t\t\t\t<span class=\"elementor-button-content-wrapper\">\n\t\t\t\t\t\t\t\t\t<span class=\"elementor-button-text\">Terug naar hengsten<\/span>\n\t\t\t\t\t<\/span>\n\t\t\t\t\t<\/a>\n\t\t\t\t<\/div>\n\t\t\t\t\t\t\t\t<\/div>\n\t\t\t\t<\/div>\n\t\t\t\t\t<\/div>\n\t\t<\/div>\n\t\t\t\t\t<\/div>\n\t\t<\/section>\n\t\t\t\t<\/div>","protected":false},"excerpt":{"rendered":"<p>Ma\u00efko DLB Classic Innovation Eigenaar: Stoeterij Willy Naessens Ma\u00efko meet 1m70 en is homozygoot zwart. Steven Gobin+32 56 69 41 11+32 476 26 08 89 Wortegem-Petegemstoeterij@willynaessens.be Facebook Email Pedigree Terug naar hengsten<\/p>","protected":false},"author":2,"featured_media":0,"parent":13,"menu_order":0,"comment_status":"closed","ping_status":"closed","template":"elementor_header_footer","meta":{"_monsterinsights_skip_tracking":false,"_monsterinsights_sitenote_active":false,"_monsterinsights_sitenote_note":"","_monsterinsights_sitenote_category":0,"_uf_show_specific_survey":0,"_uf_disable_surveys":false,"footnotes":""},"class_list":["post-2718","page","type-page","status-publish","hentry"],"yoast_head":"<!-- This site is optimized with the Yoast SEO plugin v27.4 - https:\/\/yoast.com\/product\/yoast-seo-wordpress\/ -->\n<title>Hengsten - Ma\u00efko DLB Classic Innovation - European Arabo-Friesian Studbook<\/title>\n<meta name=\"robots\" content=\"index, follow, max-snippet:-1, max-image-preview:large, max-video-preview:-1\" \/>\n<link rel=\"canonical\" href=\"https:\/\/www.arabofriezen.be\/fr\/hengsten\/hengsten-maiko-dlb-classic-innovation\/\" \/>\n<meta property=\"og:locale\" content=\"fr_FR\" \/>\n<meta property=\"og:type\" content=\"article\" \/>\n<meta property=\"og:title\" content=\"Hengsten - Ma\u00efko DLB Classic Innovation - European Arabo-Friesian Studbook\" \/>\n<meta property=\"og:description\" content=\"Ma\u00efko DLB Classic Innovation Eigenaar: Stoeterij Willy Naessens Ma\u00efko meet 1m70 en is homozygoot zwart. Steven Gobin+32 56 69 41 11+32 476 26 08 89 Wortegem-Petegemstoeterij@willynaessens.be Facebook Email Pedigree Terug naar hengsten\" \/>\n<meta property=\"og:url\" content=\"https:\/\/www.arabofriezen.be\/fr\/hengsten\/hengsten-maiko-dlb-classic-innovation\/\" \/>\n<meta property=\"og:site_name\" content=\"European Arabo-Friesian Studbook\" \/>\n<meta property=\"article:publisher\" content=\"https:\/\/www.facebook.com\/eafsstamboek\" \/>\n<meta property=\"article:modified_time\" content=\"2025-02-02T15:59:11+00:00\" \/>\n<meta property=\"og:image\" content=\"https:\/\/www.arabofriezen.be\/wp-content\/uploads\/2025\/01\/7K9A5912-zonder-logo-scaled.jpeg\" \/>\n\t<meta property=\"og:image:width\" content=\"2560\" \/>\n\t<meta property=\"og:image:height\" content=\"2509\" \/>\n\t<meta property=\"og:image:type\" content=\"image\/jpeg\" \/>\n<meta name=\"twitter:card\" content=\"summary_large_image\" \/>\n<meta name=\"twitter:label1\" content=\"Dur\u00e9e de lecture estim\u00e9e\" \/>\n\t<meta name=\"twitter:data1\" content=\"1 minute\" \/>\n<script type=\"application\/ld+json\" class=\"yoast-schema-graph\">{\"@context\":\"https:\\\/\\\/schema.org\",\"@graph\":[{\"@type\":\"WebPage\",\"@id\":\"https:\\\/\\\/www.arabofriezen.be\\\/hengsten\\\/hengsten-maiko-dlb-classic-innovation\\\/\",\"url\":\"https:\\\/\\\/www.arabofriezen.be\\\/hengsten\\\/hengsten-maiko-dlb-classic-innovation\\\/\",\"name\":\"Hengsten - Ma\u00efko DLB Classic Innovation - European Arabo-Friesian Studbook\",\"isPartOf\":{\"@id\":\"https:\\\/\\\/www.arabofriezen.be\\\/#website\"},\"primaryImageOfPage\":{\"@id\":\"https:\\\/\\\/www.arabofriezen.be\\\/hengsten\\\/hengsten-maiko-dlb-classic-innovation\\\/#primaryimage\"},\"image\":{\"@id\":\"https:\\\/\\\/www.arabofriezen.be\\\/hengsten\\\/hengsten-maiko-dlb-classic-innovation\\\/#primaryimage\"},\"thumbnailUrl\":\"https:\\\/\\\/www.arabofriezen.be\\\/wp-content\\\/uploads\\\/2025\\\/01\\\/7K9A5912-zonder-logo-1024x1004.jpeg\",\"datePublished\":\"2025-01-31T10:15:30+00:00\",\"dateModified\":\"2025-02-02T15:59:11+00:00\",\"breadcrumb\":{\"@id\":\"https:\\\/\\\/www.arabofriezen.be\\\/hengsten\\\/hengsten-maiko-dlb-classic-innovation\\\/#breadcrumb\"},\"inLanguage\":\"fr-FR\",\"potentialAction\":[{\"@type\":\"ReadAction\",\"target\":[\"https:\\\/\\\/www.arabofriezen.be\\\/hengsten\\\/hengsten-maiko-dlb-classic-innovation\\\/\"]}]},{\"@type\":\"ImageObject\",\"inLanguage\":\"fr-FR\",\"@id\":\"https:\\\/\\\/www.arabofriezen.be\\\/hengsten\\\/hengsten-maiko-dlb-classic-innovation\\\/#primaryimage\",\"url\":\"https:\\\/\\\/www.arabofriezen.be\\\/wp-content\\\/uploads\\\/2025\\\/01\\\/7K9A5912-zonder-logo-1024x1004.jpeg\",\"contentUrl\":\"https:\\\/\\\/www.arabofriezen.be\\\/wp-content\\\/uploads\\\/2025\\\/01\\\/7K9A5912-zonder-logo-1024x1004.jpeg\"},{\"@type\":\"BreadcrumbList\",\"@id\":\"https:\\\/\\\/www.arabofriezen.be\\\/hengsten\\\/hengsten-maiko-dlb-classic-innovation\\\/#breadcrumb\",\"itemListElement\":[{\"@type\":\"ListItem\",\"position\":1,\"name\":\"Home\",\"item\":\"https:\\\/\\\/www.arabofriezen.be\\\/\"},{\"@type\":\"ListItem\",\"position\":2,\"name\":\"Hengsten\",\"item\":\"https:\\\/\\\/www.arabofriezen.be\\\/hengsten\\\/\"},{\"@type\":\"ListItem\",\"position\":3,\"name\":\"Hengsten &#8211; Ma\u00efko DLB Classic Innovation\"}]},{\"@type\":\"WebSite\",\"@id\":\"https:\\\/\\\/www.arabofriezen.be\\\/#website\",\"url\":\"https:\\\/\\\/www.arabofriezen.be\\\/\",\"name\":\"European Arabo-Friesian Studbook\",\"description\":\"Het perfecte paard voor iedere uitdaging.\",\"publisher\":{\"@id\":\"https:\\\/\\\/www.arabofriezen.be\\\/#organization\"},\"alternateName\":\"EAFS\",\"potentialAction\":[{\"@type\":\"SearchAction\",\"target\":{\"@type\":\"EntryPoint\",\"urlTemplate\":\"https:\\\/\\\/www.arabofriezen.be\\\/?s={search_term_string}\"},\"query-input\":{\"@type\":\"PropertyValueSpecification\",\"valueRequired\":true,\"valueName\":\"search_term_string\"}}],\"inLanguage\":\"fr-FR\"},{\"@type\":\"Organization\",\"@id\":\"https:\\\/\\\/www.arabofriezen.be\\\/#organization\",\"name\":\"Europese Arabo-Friezen Stamboek\",\"alternateName\":\"EAFS\",\"url\":\"https:\\\/\\\/www.arabofriezen.be\\\/\",\"logo\":{\"@type\":\"ImageObject\",\"inLanguage\":\"fr-FR\",\"@id\":\"https:\\\/\\\/www.arabofriezen.be\\\/#\\\/schema\\\/logo\\\/image\\\/\",\"url\":\"https:\\\/\\\/www.arabofriezen.be\\\/wp-content\\\/uploads\\\/2023\\\/05\\\/logo_en_klein.png\",\"contentUrl\":\"https:\\\/\\\/www.arabofriezen.be\\\/wp-content\\\/uploads\\\/2023\\\/05\\\/logo_en_klein.png\",\"width\":500,\"height\":353,\"caption\":\"Europese Arabo-Friezen Stamboek\"},\"image\":{\"@id\":\"https:\\\/\\\/www.arabofriezen.be\\\/#\\\/schema\\\/logo\\\/image\\\/\"},\"sameAs\":[\"https:\\\/\\\/www.facebook.com\\\/eafsstamboek\"]}]}<\/script>\n<!-- \/ Yoast SEO plugin. -->","yoast_head_json":{"title":"Hengsten - Ma\u00efko DLB Classic Innovation - European Arabo-Friesian Studbook","robots":{"index":"index","follow":"follow","max-snippet":"max-snippet:-1","max-image-preview":"max-image-preview:large","max-video-preview":"max-video-preview:-1"},"canonical":"https:\/\/www.arabofriezen.be\/fr\/hengsten\/hengsten-maiko-dlb-classic-innovation\/","og_locale":"fr_FR","og_type":"article","og_title":"Hengsten - Ma\u00efko DLB Classic Innovation - European Arabo-Friesian Studbook","og_description":"Ma\u00efko DLB Classic Innovation Eigenaar: Stoeterij Willy Naessens Ma\u00efko meet 1m70 en is homozygoot zwart. Steven Gobin+32 56 69 41 11+32 476 26 08 89 Wortegem-Petegemstoeterij@willynaessens.be Facebook Email Pedigree Terug naar hengsten","og_url":"https:\/\/www.arabofriezen.be\/fr\/hengsten\/hengsten-maiko-dlb-classic-innovation\/","og_site_name":"European Arabo-Friesian Studbook","article_publisher":"https:\/\/www.facebook.com\/eafsstamboek","article_modified_time":"2025-02-02T15:59:11+00:00","og_image":[{"width":2560,"height":2509,"url":"https:\/\/www.arabofriezen.be\/wp-content\/uploads\/2025\/01\/7K9A5912-zonder-logo-scaled.jpeg","type":"image\/jpeg"}],"twitter_card":"summary_large_image","twitter_misc":{"Dur\u00e9e de lecture estim\u00e9e":"1 minute"},"schema":{"@context":"https:\/\/schema.org","@graph":[{"@type":"WebPage","@id":"https:\/\/www.arabofriezen.be\/hengsten\/hengsten-maiko-dlb-classic-innovation\/","url":"https:\/\/www.arabofriezen.be\/hengsten\/hengsten-maiko-dlb-classic-innovation\/","name":"Hengsten - Ma\u00efko DLB Classic Innovation - European Arabo-Friesian Studbook","isPartOf":{"@id":"https:\/\/www.arabofriezen.be\/#website"},"primaryImageOfPage":{"@id":"https:\/\/www.arabofriezen.be\/hengsten\/hengsten-maiko-dlb-classic-innovation\/#primaryimage"},"image":{"@id":"https:\/\/www.arabofriezen.be\/hengsten\/hengsten-maiko-dlb-classic-innovation\/#primaryimage"},"thumbnailUrl":"https:\/\/www.arabofriezen.be\/wp-content\/uploads\/2025\/01\/7K9A5912-zonder-logo-1024x1004.jpeg","datePublished":"2025-01-31T10:15:30+00:00","dateModified":"2025-02-02T15:59:11+00:00","breadcrumb":{"@id":"https:\/\/www.arabofriezen.be\/hengsten\/hengsten-maiko-dlb-classic-innovation\/#breadcrumb"},"inLanguage":"fr-FR","potentialAction":[{"@type":"ReadAction","target":["https:\/\/www.arabofriezen.be\/hengsten\/hengsten-maiko-dlb-classic-innovation\/"]}]},{"@type":"ImageObject","inLanguage":"fr-FR","@id":"https:\/\/www.arabofriezen.be\/hengsten\/hengsten-maiko-dlb-classic-innovation\/#primaryimage","url":"https:\/\/www.arabofriezen.be\/wp-content\/uploads\/2025\/01\/7K9A5912-zonder-logo-1024x1004.jpeg","contentUrl":"https:\/\/www.arabofriezen.be\/wp-content\/uploads\/2025\/01\/7K9A5912-zonder-logo-1024x1004.jpeg"},{"@type":"BreadcrumbList","@id":"https:\/\/www.arabofriezen.be\/hengsten\/hengsten-maiko-dlb-classic-innovation\/#breadcrumb","itemListElement":[{"@type":"ListItem","position":1,"name":"Home","item":"https:\/\/www.arabofriezen.be\/"},{"@type":"ListItem","position":2,"name":"Hengsten","item":"https:\/\/www.arabofriezen.be\/hengsten\/"},{"@type":"ListItem","position":3,"name":"Hengsten &#8211; Ma\u00efko DLB Classic Innovation"}]},{"@type":"WebSite","@id":"https:\/\/www.arabofriezen.be\/#website","url":"https:\/\/www.arabofriezen.be\/","name":"European Arabo-Friesian Studbook","description":"Le cheval id\u00e9al pour relever tous les d\u00e9fis.","publisher":{"@id":"https:\/\/www.arabofriezen.be\/#organization"},"alternateName":"EAFS","potentialAction":[{"@type":"SearchAction","target":{"@type":"EntryPoint","urlTemplate":"https:\/\/www.arabofriezen.be\/?s={search_term_string}"},"query-input":{"@type":"PropertyValueSpecification","valueRequired":true,"valueName":"search_term_string"}}],"inLanguage":"fr-FR"},{"@type":"Organization","@id":"https:\/\/www.arabofriezen.be\/#organization","name":"Europese Arabo-Friezen Stamboek","alternateName":"EAFS","url":"https:\/\/www.arabofriezen.be\/","logo":{"@type":"ImageObject","inLanguage":"fr-FR","@id":"https:\/\/www.arabofriezen.be\/#\/schema\/logo\/image\/","url":"https:\/\/www.arabofriezen.be\/wp-content\/uploads\/2023\/05\/logo_en_klein.png","contentUrl":"https:\/\/www.arabofriezen.be\/wp-content\/uploads\/2023\/05\/logo_en_klein.png","width":500,"height":353,"caption":"Europese Arabo-Friezen Stamboek"},"image":{"@id":"https:\/\/www.arabofriezen.be\/#\/schema\/logo\/image\/"},"sameAs":["https:\/\/www.facebook.com\/eafsstamboek"]}]}},"_links":{"self":[{"href":"https:\/\/www.arabofriezen.be\/fr\/wp-json\/wp\/v2\/pages\/2718","targetHints":{"allow":["GET"]}}],"collection":[{"href":"https:\/\/www.arabofriezen.be\/fr\/wp-json\/wp\/v2\/pages"}],"about":[{"href":"https:\/\/www.arabofriezen.be\/fr\/wp-json\/wp\/v2\/types\/page"}],"author":[{"embeddable":true,"href":"https:\/\/www.arabofriezen.be\/fr\/wp-json\/wp\/v2\/users\/2"}],"replies":[{"embeddable":true,"href":"https:\/\/www.arabofriezen.be\/fr\/wp-json\/wp\/v2\/comments?post=2718"}],"version-history":[{"count":10,"href":"https:\/\/www.arabofriezen.be\/fr\/wp-json\/wp\/v2\/pages\/2718\/revisions"}],"predecessor-version":[{"id":2744,"href":"https:\/\/www.arabofriezen.be\/fr\/wp-json\/wp\/v2\/pages\/2718\/revisions\/2744"}],"up":[{"embeddable":true,"href":"https:\/\/www.arabofriezen.be\/fr\/wp-json\/wp\/v2\/pages\/13"}],"wp:attachment":[{"href":"https:\/\/www.arabofriezen.be\/fr\/wp-json\/wp\/v2\/media?parent=2718"}],"curies":[{"name":"wp","href":"https:\/\/api.w.org\/{rel}","templated":true}]}}