{"id":560,"date":"2023-06-13T09:00:26","date_gmt":"2023-06-13T09:00:26","guid":{"rendered":"https:\/\/www.arabofriezen.be\/?page_id=560"},"modified":"2024-01-02T11:17:14","modified_gmt":"2024-01-02T11:17:14","slug":"whaladdesbrumieres029","status":"publish","type":"page","link":"https:\/\/www.arabofriezen.be\/fr\/hengsten\/whaladdesbrumieres029\/","title":{"rendered":"Hengsten &#8211; WHALAD DES BRUMI\u00c8RES 029"},"content":{"rendered":"<div data-elementor-type=\"wp-page\" data-elementor-id=\"560\" class=\"elementor elementor-560\" data-elementor-post-type=\"page\">\n\t\t\t\t\t\t<section class=\"elementor-section elementor-top-section elementor-element elementor-element-af76682 elementor-section-boxed elementor-section-height-default elementor-section-height-default wpr-particle-no wpr-jarallax-no wpr-parallax-no wpr-sticky-section-no\" data-id=\"af76682\" data-element_type=\"section\" data-e-type=\"section\">\n\t\t\t\t\t\t<div class=\"elementor-container elementor-column-gap-default\">\n\t\t\t\t\t<div class=\"elementor-column elementor-col-100 elementor-top-column elementor-element elementor-element-15dfa4d\" data-id=\"15dfa4d\" data-element_type=\"column\" data-e-type=\"column\">\n\t\t\t<div class=\"elementor-widget-wrap elementor-element-populated\">\n\t\t\t\t\t\t<div class=\"elementor-element elementor-element-3f7fd02 elementor-widget elementor-widget-heading\" data-id=\"3f7fd02\" data-element_type=\"widget\" data-e-type=\"widget\" data-widget_type=\"heading.default\">\n\t\t\t\t<div class=\"elementor-widget-container\">\n\t\t\t\t\t<h2 class=\"elementor-heading-title elementor-size-default\">WLAHAD DES BRUMI\u00c8RES 029<\/h2>\t\t\t\t<\/div>\n\t\t\t\t<\/div>\n\t\t\t\t<div class=\"elementor-element elementor-element-9d71ddc dce_masking-none elementor-widget elementor-widget-image\" data-id=\"9d71ddc\" data-element_type=\"widget\" data-e-type=\"widget\" data-widget_type=\"image.default\">\n\t\t\t\t<div class=\"elementor-widget-container\">\n\t\t\t\t\t\t\t\t\t\t\t\t\t\t\t<img fetchpriority=\"high\" decoding=\"async\" width=\"800\" height=\"534\" src=\"https:\/\/www.arabofriezen.be\/wp-content\/uploads\/2023\/06\/paard-Wlahad-des-Brumieres.jpg\" class=\"attachment-large size-large wp-image-371\" alt=\"\" srcset=\"https:\/\/www.arabofriezen.be\/wp-content\/uploads\/2023\/06\/paard-Wlahad-des-Brumieres.jpg 850w, https:\/\/www.arabofriezen.be\/wp-content\/uploads\/2023\/06\/paard-Wlahad-des-Brumieres-600x400.jpg 600w, https:\/\/www.arabofriezen.be\/wp-content\/uploads\/2023\/06\/paard-Wlahad-des-Brumieres-300x200.jpg 300w, https:\/\/www.arabofriezen.be\/wp-content\/uploads\/2023\/06\/paard-Wlahad-des-Brumieres-768x512.jpg 768w\" sizes=\"(max-width: 800px) 100vw, 800px\" \/>\t\t\t\t\t\t\t\t\t\t\t\t\t\t\t<\/div>\n\t\t\t\t<\/div>\n\t\t\t\t<div class=\"elementor-element elementor-element-2c52183 elementor-widget elementor-widget-text-editor\" data-id=\"2c52183\" data-element_type=\"widget\" data-e-type=\"widget\" data-widget_type=\"text-editor.default\">\n\t\t\t\t<div class=\"elementor-widget-container\">\n\t\t\t\t\t\t\t\t\t<p>Eigenaar: Camille Gasmi<\/p><p>Haras des Brumi\u00e8res<\/p><p>La Rougerie<\/p><p>36290 Paulnay<\/p><p>France<\/p><p>Tel: + 33 (0)677361390<\/p>\t\t\t\t\t\t\t\t<\/div>\n\t\t\t\t<\/div>\n\t\t\t\t<div class=\"elementor-element elementor-element-834103a elementor-widget elementor-widget-button\" data-id=\"834103a\" data-element_type=\"widget\" data-e-type=\"widget\" data-widget_type=\"button.default\">\n\t\t\t\t<div class=\"elementor-widget-container\">\n\t\t\t\t\t\t\t\t\t<div class=\"elementor-button-wrapper\">\n\t\t\t\t\t<a class=\"elementor-button elementor-button-link elementor-size-sm\" href=\"mailto:cgfrison@gmail.com?subject=Whalad%20DES%20BRUMI\u00c8RES%20via%20website%20Arabofriezen\">\n\t\t\t\t\t\t<span class=\"elementor-button-content-wrapper\">\n\t\t\t\t\t\t\t\t\t<span class=\"elementor-button-text\">Mail to Camille<\/span>\n\t\t\t\t\t<\/span>\n\t\t\t\t\t<\/a>\n\t\t\t\t<\/div>\n\t\t\t\t\t\t\t\t<\/div>\n\t\t\t\t<\/div>\n\t\t\t\t\t<\/div>\n\t\t<\/div>\n\t\t\t\t\t<\/div>\n\t\t<\/section>\n\t\t\t\t<section class=\"elementor-section elementor-top-section elementor-element elementor-element-2273bcc elementor-section-boxed elementor-section-height-default elementor-section-height-default wpr-particle-no wpr-jarallax-no wpr-parallax-no wpr-sticky-section-no\" data-id=\"2273bcc\" data-element_type=\"section\" data-e-type=\"section\">\n\t\t\t\t\t\t<div class=\"elementor-container elementor-column-gap-default\">\n\t\t\t\t\t<div class=\"elementor-column elementor-col-100 elementor-top-column elementor-element elementor-element-c53e885\" data-id=\"c53e885\" data-element_type=\"column\" data-e-type=\"column\">\n\t\t\t<div class=\"elementor-widget-wrap elementor-element-populated\">\n\t\t\t\t\t\t<div class=\"elementor-element elementor-element-4174ff8 elementor-share-buttons--view-icon-text elementor-share-buttons--skin-gradient elementor-share-buttons--shape-square elementor-grid-0 elementor-share-buttons--color-official elementor-widget elementor-widget-share-buttons\" data-id=\"4174ff8\" data-element_type=\"widget\" data-e-type=\"widget\" data-widget_type=\"share-buttons.default\">\n\t\t\t\t<div class=\"elementor-widget-container\">\n\t\t\t\t\t\t\t<div class=\"elementor-grid\" role=\"list\">\n\t\t\t\t\t\t\t\t<div class=\"elementor-grid-item\" role=\"listitem\">\n\t\t\t\t\t\t<div class=\"elementor-share-btn elementor-share-btn_facebook\" role=\"button\" tabindex=\"0\" aria-label=\"Delen op facebook\">\n\t\t\t\t\t\t\t\t\t\t\t\t\t\t\t<span class=\"elementor-share-btn__icon\">\n\t\t\t\t\t\t\t\t<i class=\"fab fa-facebook\" aria-hidden=\"true\"><\/i>\t\t\t\t\t\t\t<\/span>\n\t\t\t\t\t\t\t\t\t\t\t\t\t\t\t\t\t\t\t\t\t\t<div class=\"elementor-share-btn__text\">\n\t\t\t\t\t\t\t\t\t\t\t\t\t\t\t\t\t\t\t<span class=\"elementor-share-btn__title\">\n\t\t\t\t\t\t\t\t\t\tFacebook Share\t\t\t\t\t\t\t\t\t<\/span>\n\t\t\t\t\t\t\t\t\t\t\t\t\t\t\t\t\t<\/div>\n\t\t\t\t\t\t\t\t\t\t\t\t\t<\/div>\n\t\t\t\t\t<\/div>\n\t\t\t\t\t\t\t\t\t<div class=\"elementor-grid-item\" role=\"listitem\">\n\t\t\t\t\t\t<div class=\"elementor-share-btn elementor-share-btn_email\" role=\"button\" tabindex=\"0\" aria-label=\"Delen op email\">\n\t\t\t\t\t\t\t\t\t\t\t\t\t\t\t<span class=\"elementor-share-btn__icon\">\n\t\t\t\t\t\t\t\t<i class=\"fas fa-envelope\" aria-hidden=\"true\"><\/i>\t\t\t\t\t\t\t<\/span>\n\t\t\t\t\t\t\t\t\t\t\t\t\t\t\t\t\t\t\t\t\t\t<div class=\"elementor-share-btn__text\">\n\t\t\t\t\t\t\t\t\t\t\t\t\t\t\t\t\t\t\t<span class=\"elementor-share-btn__title\">\n\t\t\t\t\t\t\t\t\t\tEmail Share\t\t\t\t\t\t\t\t\t<\/span>\n\t\t\t\t\t\t\t\t\t\t\t\t\t\t\t\t\t<\/div>\n\t\t\t\t\t\t\t\t\t\t\t\t\t<\/div>\n\t\t\t\t\t<\/div>\n\t\t\t\t\t\t<\/div>\n\t\t\t\t\t\t<\/div>\n\t\t\t\t<\/div>\n\t\t\t\t\t<\/div>\n\t\t<\/div>\n\t\t\t\t\t<\/div>\n\t\t<\/section>\n\t\t\t\t<section class=\"elementor-section elementor-top-section elementor-element elementor-element-47b1743 elementor-section-boxed elementor-section-height-default elementor-section-height-default wpr-particle-no wpr-jarallax-no wpr-parallax-no wpr-sticky-section-no\" data-id=\"47b1743\" data-element_type=\"section\" data-e-type=\"section\">\n\t\t\t\t\t\t<div class=\"elementor-container elementor-column-gap-default\">\n\t\t\t\t\t<div class=\"elementor-column elementor-col-100 elementor-top-column elementor-element elementor-element-099a0ea\" data-id=\"099a0ea\" data-element_type=\"column\" data-e-type=\"column\">\n\t\t\t<div class=\"elementor-widget-wrap elementor-element-populated\">\n\t\t\t\t\t\t<div class=\"elementor-element elementor-element-b9dcb80 elementor-widget elementor-widget-heading\" data-id=\"b9dcb80\" data-element_type=\"widget\" data-e-type=\"widget\" data-widget_type=\"heading.default\">\n\t\t\t\t<div class=\"elementor-widget-container\">\n\t\t\t\t\t<h2 class=\"elementor-heading-title elementor-size-default\">Pedigree<\/h2>\t\t\t\t<\/div>\n\t\t\t\t<\/div>\n\t\t\t\t<div class=\"elementor-element elementor-element-f7748f1 elementor-widget-divider--view-line elementor-widget elementor-widget-divider\" data-id=\"f7748f1\" data-element_type=\"widget\" data-e-type=\"widget\" data-widget_type=\"divider.default\">\n\t\t\t\t<div class=\"elementor-widget-container\">\n\t\t\t\t\t\t\t<div class=\"elementor-divider\">\n\t\t\t<span class=\"elementor-divider-separator\">\n\t\t\t\t\t\t<\/span>\n\t\t<\/div>\n\t\t\t\t\t\t<\/div>\n\t\t\t\t<\/div>\n\t\t\t\t<div class=\"elementor-element elementor-element-659e1a9 dce_masking-none elementor-widget elementor-widget-image\" data-id=\"659e1a9\" data-element_type=\"widget\" data-e-type=\"widget\" data-widget_type=\"image.default\">\n\t\t\t\t<div class=\"elementor-widget-container\">\n\t\t\t\t\t\t\t\t\t\t\t\t\t\t\t<img decoding=\"async\" width=\"1066\" height=\"547\" src=\"https:\/\/www.arabofriezen.be\/wp-content\/uploads\/2024\/01\/Pedigree-Wlahad.jpg\" class=\"attachment-1536x1536 size-1536x1536 wp-image-1517\" alt=\"\" srcset=\"https:\/\/www.arabofriezen.be\/wp-content\/uploads\/2024\/01\/Pedigree-Wlahad.jpg 1066w, https:\/\/www.arabofriezen.be\/wp-content\/uploads\/2024\/01\/Pedigree-Wlahad-300x154.jpg 300w, https:\/\/www.arabofriezen.be\/wp-content\/uploads\/2024\/01\/Pedigree-Wlahad-1024x525.jpg 1024w, https:\/\/www.arabofriezen.be\/wp-content\/uploads\/2024\/01\/Pedigree-Wlahad-768x394.jpg 768w, https:\/\/www.arabofriezen.be\/wp-content\/uploads\/2024\/01\/Pedigree-Wlahad-600x308.jpg 600w\" sizes=\"(max-width: 1066px) 100vw, 1066px\" \/>\t\t\t\t\t\t\t\t\t\t\t\t\t\t\t<\/div>\n\t\t\t\t<\/div>\n\t\t\t\t\t<\/div>\n\t\t<\/div>\n\t\t\t\t\t<\/div>\n\t\t<\/section>\n\t\t\t\t<section class=\"elementor-section elementor-top-section elementor-element elementor-element-60ace18 elementor-section-boxed elementor-section-height-default elementor-section-height-default wpr-particle-no wpr-jarallax-no wpr-parallax-no wpr-sticky-section-no\" data-id=\"60ace18\" data-element_type=\"section\" data-e-type=\"section\">\n\t\t\t\t\t\t<div class=\"elementor-container elementor-column-gap-default\">\n\t\t\t\t\t<div class=\"elementor-column elementor-col-100 elementor-top-column elementor-element elementor-element-9c0faf9\" data-id=\"9c0faf9\" data-element_type=\"column\" data-e-type=\"column\">\n\t\t\t<div class=\"elementor-widget-wrap elementor-element-populated\">\n\t\t\t\t\t\t<div class=\"elementor-element elementor-element-ead47a0 elementor-widget elementor-widget-button\" data-id=\"ead47a0\" data-element_type=\"widget\" data-e-type=\"widget\" data-widget_type=\"button.default\">\n\t\t\t\t<div class=\"elementor-widget-container\">\n\t\t\t\t\t\t\t\t\t<div class=\"elementor-button-wrapper\">\n\t\t\t\t\t<a class=\"elementor-button elementor-button-link elementor-size-sm\" href=\"https:\/\/www.arabofriezen.be\/fr\/hengsten\/\">\n\t\t\t\t\t\t<span class=\"elementor-button-content-wrapper\">\n\t\t\t\t\t\t\t\t\t<span class=\"elementor-button-text\">Terug naar Hengsten<\/span>\n\t\t\t\t\t<\/span>\n\t\t\t\t\t<\/a>\n\t\t\t\t<\/div>\n\t\t\t\t\t\t\t\t<\/div>\n\t\t\t\t<\/div>\n\t\t\t\t\t<\/div>\n\t\t<\/div>\n\t\t\t\t\t<\/div>\n\t\t<\/section>\n\t\t\t\t<\/div>","protected":false},"excerpt":{"rendered":"<p>WLAHAD DES BRUMI\u00c8RES 029 Eigenaar: Camille Gasmi Haras des Brumi\u00e8res La Rougerie 36290 Paulnay France Tel: + 33 (0)677361390 Mail to Camille Facebook Share Email Share Pedigree Terug naar Hengsten<\/p>","protected":false},"author":1,"featured_media":0,"parent":13,"menu_order":0,"comment_status":"closed","ping_status":"closed","template":"elementor_header_footer","meta":{"_monsterinsights_skip_tracking":false,"_monsterinsights_sitenote_active":false,"_monsterinsights_sitenote_note":"","_monsterinsights_sitenote_category":0,"_uf_show_specific_survey":0,"_uf_disable_surveys":false,"footnotes":""},"class_list":["post-560","page","type-page","status-publish","hentry"],"yoast_head":"<!-- This site is optimized with the Yoast SEO plugin v27.4 - https:\/\/yoast.com\/product\/yoast-seo-wordpress\/ -->\n<title>Hengsten - WHALAD DES BRUMI\u00c8RES 029 - European Arabo-Friesian Studbook<\/title>\n<meta name=\"robots\" content=\"index, follow, max-snippet:-1, max-image-preview:large, max-video-preview:-1\" \/>\n<link rel=\"canonical\" href=\"https:\/\/www.arabofriezen.be\/fr\/hengsten\/whaladdesbrumieres029\/\" \/>\n<meta property=\"og:locale\" content=\"fr_FR\" \/>\n<meta property=\"og:type\" content=\"article\" \/>\n<meta property=\"og:title\" content=\"Hengsten - WHALAD DES BRUMI\u00c8RES 029 - European Arabo-Friesian Studbook\" \/>\n<meta property=\"og:description\" content=\"WLAHAD DES BRUMI\u00c8RES 029 Eigenaar: Camille Gasmi Haras des Brumi\u00e8res La Rougerie 36290 Paulnay France Tel: + 33 (0)677361390 Mail to Camille Facebook Share Email Share Pedigree Terug naar Hengsten\" \/>\n<meta property=\"og:url\" content=\"https:\/\/www.arabofriezen.be\/fr\/hengsten\/whaladdesbrumieres029\/\" \/>\n<meta property=\"og:site_name\" content=\"European Arabo-Friesian Studbook\" \/>\n<meta property=\"article:publisher\" content=\"https:\/\/www.facebook.com\/eafsstamboek\" \/>\n<meta property=\"article:modified_time\" content=\"2024-01-02T11:17:14+00:00\" \/>\n<meta property=\"og:image\" content=\"https:\/\/www.arabofriezen.be\/wp-content\/uploads\/2023\/06\/paard-Wlahad-des-Brumieres.jpg\" \/>\n<meta name=\"twitter:card\" content=\"summary_large_image\" \/>\n<meta name=\"twitter:label1\" content=\"Dur\u00e9e de lecture estim\u00e9e\" \/>\n\t<meta name=\"twitter:data1\" content=\"1 minute\" \/>\n<script type=\"application\/ld+json\" class=\"yoast-schema-graph\">{\"@context\":\"https:\\\/\\\/schema.org\",\"@graph\":[{\"@type\":\"WebPage\",\"@id\":\"https:\\\/\\\/www.arabofriezen.be\\\/hengsten\\\/whaladdesbrumieres029\\\/\",\"url\":\"https:\\\/\\\/www.arabofriezen.be\\\/hengsten\\\/whaladdesbrumieres029\\\/\",\"name\":\"Hengsten - WHALAD DES BRUMI\u00c8RES 029 - European Arabo-Friesian Studbook\",\"isPartOf\":{\"@id\":\"https:\\\/\\\/www.arabofriezen.be\\\/#website\"},\"primaryImageOfPage\":{\"@id\":\"https:\\\/\\\/www.arabofriezen.be\\\/hengsten\\\/whaladdesbrumieres029\\\/#primaryimage\"},\"image\":{\"@id\":\"https:\\\/\\\/www.arabofriezen.be\\\/hengsten\\\/whaladdesbrumieres029\\\/#primaryimage\"},\"thumbnailUrl\":\"https:\\\/\\\/www.arabofriezen.be\\\/wp-content\\\/uploads\\\/2023\\\/06\\\/paard-Wlahad-des-Brumieres.jpg\",\"datePublished\":\"2023-06-13T09:00:26+00:00\",\"dateModified\":\"2024-01-02T11:17:14+00:00\",\"breadcrumb\":{\"@id\":\"https:\\\/\\\/www.arabofriezen.be\\\/hengsten\\\/whaladdesbrumieres029\\\/#breadcrumb\"},\"inLanguage\":\"fr-FR\",\"potentialAction\":[{\"@type\":\"ReadAction\",\"target\":[\"https:\\\/\\\/www.arabofriezen.be\\\/hengsten\\\/whaladdesbrumieres029\\\/\"]}]},{\"@type\":\"ImageObject\",\"inLanguage\":\"fr-FR\",\"@id\":\"https:\\\/\\\/www.arabofriezen.be\\\/hengsten\\\/whaladdesbrumieres029\\\/#primaryimage\",\"url\":\"https:\\\/\\\/www.arabofriezen.be\\\/wp-content\\\/uploads\\\/2023\\\/06\\\/paard-Wlahad-des-Brumieres.jpg\",\"contentUrl\":\"https:\\\/\\\/www.arabofriezen.be\\\/wp-content\\\/uploads\\\/2023\\\/06\\\/paard-Wlahad-des-Brumieres.jpg\"},{\"@type\":\"BreadcrumbList\",\"@id\":\"https:\\\/\\\/www.arabofriezen.be\\\/hengsten\\\/whaladdesbrumieres029\\\/#breadcrumb\",\"itemListElement\":[{\"@type\":\"ListItem\",\"position\":1,\"name\":\"Home\",\"item\":\"https:\\\/\\\/www.arabofriezen.be\\\/\"},{\"@type\":\"ListItem\",\"position\":2,\"name\":\"Hengsten\",\"item\":\"https:\\\/\\\/www.arabofriezen.be\\\/hengsten\\\/\"},{\"@type\":\"ListItem\",\"position\":3,\"name\":\"Hengsten &#8211; WHALAD DES BRUMI\u00c8RES 029\"}]},{\"@type\":\"WebSite\",\"@id\":\"https:\\\/\\\/www.arabofriezen.be\\\/#website\",\"url\":\"https:\\\/\\\/www.arabofriezen.be\\\/\",\"name\":\"European Arabo-Friesian Studbook\",\"description\":\"Het perfecte paard voor iedere uitdaging.\",\"publisher\":{\"@id\":\"https:\\\/\\\/www.arabofriezen.be\\\/#organization\"},\"alternateName\":\"EAFS\",\"potentialAction\":[{\"@type\":\"SearchAction\",\"target\":{\"@type\":\"EntryPoint\",\"urlTemplate\":\"https:\\\/\\\/www.arabofriezen.be\\\/?s={search_term_string}\"},\"query-input\":{\"@type\":\"PropertyValueSpecification\",\"valueRequired\":true,\"valueName\":\"search_term_string\"}}],\"inLanguage\":\"fr-FR\"},{\"@type\":\"Organization\",\"@id\":\"https:\\\/\\\/www.arabofriezen.be\\\/#organization\",\"name\":\"Europese Arabo-Friezen Stamboek\",\"alternateName\":\"EAFS\",\"url\":\"https:\\\/\\\/www.arabofriezen.be\\\/\",\"logo\":{\"@type\":\"ImageObject\",\"inLanguage\":\"fr-FR\",\"@id\":\"https:\\\/\\\/www.arabofriezen.be\\\/#\\\/schema\\\/logo\\\/image\\\/\",\"url\":\"https:\\\/\\\/www.arabofriezen.be\\\/wp-content\\\/uploads\\\/2023\\\/05\\\/logo_en_klein.png\",\"contentUrl\":\"https:\\\/\\\/www.arabofriezen.be\\\/wp-content\\\/uploads\\\/2023\\\/05\\\/logo_en_klein.png\",\"width\":500,\"height\":353,\"caption\":\"Europese Arabo-Friezen Stamboek\"},\"image\":{\"@id\":\"https:\\\/\\\/www.arabofriezen.be\\\/#\\\/schema\\\/logo\\\/image\\\/\"},\"sameAs\":[\"https:\\\/\\\/www.facebook.com\\\/eafsstamboek\"]}]}<\/script>\n<!-- \/ Yoast SEO plugin. -->","yoast_head_json":{"title":"Hengsten - WHALAD DES BRUMI\u00c8RES 029 - European Arabo-Friesian Studbook","robots":{"index":"index","follow":"follow","max-snippet":"max-snippet:-1","max-image-preview":"max-image-preview:large","max-video-preview":"max-video-preview:-1"},"canonical":"https:\/\/www.arabofriezen.be\/fr\/hengsten\/whaladdesbrumieres029\/","og_locale":"fr_FR","og_type":"article","og_title":"Hengsten - WHALAD DES BRUMI\u00c8RES 029 - European Arabo-Friesian Studbook","og_description":"WLAHAD DES BRUMI\u00c8RES 029 Eigenaar: Camille Gasmi Haras des Brumi\u00e8res La Rougerie 36290 Paulnay France Tel: + 33 (0)677361390 Mail to Camille Facebook Share Email Share Pedigree Terug naar Hengsten","og_url":"https:\/\/www.arabofriezen.be\/fr\/hengsten\/whaladdesbrumieres029\/","og_site_name":"European Arabo-Friesian Studbook","article_publisher":"https:\/\/www.facebook.com\/eafsstamboek","article_modified_time":"2024-01-02T11:17:14+00:00","og_image":[{"url":"https:\/\/www.arabofriezen.be\/wp-content\/uploads\/2023\/06\/paard-Wlahad-des-Brumieres.jpg","type":"","width":"","height":""}],"twitter_card":"summary_large_image","twitter_misc":{"Dur\u00e9e de lecture estim\u00e9e":"1 minute"},"schema":{"@context":"https:\/\/schema.org","@graph":[{"@type":"WebPage","@id":"https:\/\/www.arabofriezen.be\/hengsten\/whaladdesbrumieres029\/","url":"https:\/\/www.arabofriezen.be\/hengsten\/whaladdesbrumieres029\/","name":"Hengsten - WHALAD DES BRUMI\u00c8RES 029 - European Arabo-Friesian Studbook","isPartOf":{"@id":"https:\/\/www.arabofriezen.be\/#website"},"primaryImageOfPage":{"@id":"https:\/\/www.arabofriezen.be\/hengsten\/whaladdesbrumieres029\/#primaryimage"},"image":{"@id":"https:\/\/www.arabofriezen.be\/hengsten\/whaladdesbrumieres029\/#primaryimage"},"thumbnailUrl":"https:\/\/www.arabofriezen.be\/wp-content\/uploads\/2023\/06\/paard-Wlahad-des-Brumieres.jpg","datePublished":"2023-06-13T09:00:26+00:00","dateModified":"2024-01-02T11:17:14+00:00","breadcrumb":{"@id":"https:\/\/www.arabofriezen.be\/hengsten\/whaladdesbrumieres029\/#breadcrumb"},"inLanguage":"fr-FR","potentialAction":[{"@type":"ReadAction","target":["https:\/\/www.arabofriezen.be\/hengsten\/whaladdesbrumieres029\/"]}]},{"@type":"ImageObject","inLanguage":"fr-FR","@id":"https:\/\/www.arabofriezen.be\/hengsten\/whaladdesbrumieres029\/#primaryimage","url":"https:\/\/www.arabofriezen.be\/wp-content\/uploads\/2023\/06\/paard-Wlahad-des-Brumieres.jpg","contentUrl":"https:\/\/www.arabofriezen.be\/wp-content\/uploads\/2023\/06\/paard-Wlahad-des-Brumieres.jpg"},{"@type":"BreadcrumbList","@id":"https:\/\/www.arabofriezen.be\/hengsten\/whaladdesbrumieres029\/#breadcrumb","itemListElement":[{"@type":"ListItem","position":1,"name":"Home","item":"https:\/\/www.arabofriezen.be\/"},{"@type":"ListItem","position":2,"name":"Hengsten","item":"https:\/\/www.arabofriezen.be\/hengsten\/"},{"@type":"ListItem","position":3,"name":"Hengsten &#8211; WHALAD DES BRUMI\u00c8RES 029"}]},{"@type":"WebSite","@id":"https:\/\/www.arabofriezen.be\/#website","url":"https:\/\/www.arabofriezen.be\/","name":"European Arabo-Friesian Studbook","description":"Le cheval id\u00e9al pour relever tous les d\u00e9fis.","publisher":{"@id":"https:\/\/www.arabofriezen.be\/#organization"},"alternateName":"EAFS","potentialAction":[{"@type":"SearchAction","target":{"@type":"EntryPoint","urlTemplate":"https:\/\/www.arabofriezen.be\/?s={search_term_string}"},"query-input":{"@type":"PropertyValueSpecification","valueRequired":true,"valueName":"search_term_string"}}],"inLanguage":"fr-FR"},{"@type":"Organization","@id":"https:\/\/www.arabofriezen.be\/#organization","name":"Europese Arabo-Friezen Stamboek","alternateName":"EAFS","url":"https:\/\/www.arabofriezen.be\/","logo":{"@type":"ImageObject","inLanguage":"fr-FR","@id":"https:\/\/www.arabofriezen.be\/#\/schema\/logo\/image\/","url":"https:\/\/www.arabofriezen.be\/wp-content\/uploads\/2023\/05\/logo_en_klein.png","contentUrl":"https:\/\/www.arabofriezen.be\/wp-content\/uploads\/2023\/05\/logo_en_klein.png","width":500,"height":353,"caption":"Europese Arabo-Friezen Stamboek"},"image":{"@id":"https:\/\/www.arabofriezen.be\/#\/schema\/logo\/image\/"},"sameAs":["https:\/\/www.facebook.com\/eafsstamboek"]}]}},"_links":{"self":[{"href":"https:\/\/www.arabofriezen.be\/fr\/wp-json\/wp\/v2\/pages\/560","targetHints":{"allow":["GET"]}}],"collection":[{"href":"https:\/\/www.arabofriezen.be\/fr\/wp-json\/wp\/v2\/pages"}],"about":[{"href":"https:\/\/www.arabofriezen.be\/fr\/wp-json\/wp\/v2\/types\/page"}],"author":[{"embeddable":true,"href":"https:\/\/www.arabofriezen.be\/fr\/wp-json\/wp\/v2\/users\/1"}],"replies":[{"embeddable":true,"href":"https:\/\/www.arabofriezen.be\/fr\/wp-json\/wp\/v2\/comments?post=560"}],"version-history":[{"count":45,"href":"https:\/\/www.arabofriezen.be\/fr\/wp-json\/wp\/v2\/pages\/560\/revisions"}],"predecessor-version":[{"id":1520,"href":"https:\/\/www.arabofriezen.be\/fr\/wp-json\/wp\/v2\/pages\/560\/revisions\/1520"}],"up":[{"embeddable":true,"href":"https:\/\/www.arabofriezen.be\/fr\/wp-json\/wp\/v2\/pages\/13"}],"wp:attachment":[{"href":"https:\/\/www.arabofriezen.be\/fr\/wp-json\/wp\/v2\/media?parent=560"}],"curies":[{"name":"wp","href":"https:\/\/api.w.org\/{rel}","templated":true}]}}