{"id":3277,"date":"2025-12-04T20:33:18","date_gmt":"2025-12-04T19:33:18","guid":{"rendered":"https:\/\/www.arabofriezen.be\/?post_type=product&#038;p=3277"},"modified":"2026-03-03T12:02:09","modified_gmt":"2026-03-03T11:02:09","slug":"adhesion-2026","status":"publish","type":"product","link":"https:\/\/www.arabofriezen.be\/fr\/produit\/adhesion-2026\/","title":{"rendered":"Adh\u00e9sion 2026"},"content":{"rendered":"<p>Devenez membre de l\u2019EAFS et recevez notre bulletin, rempli d\u2019articles passionnants et d\u2019interviews inspirantes. En plus de contribuer \u00e0 la pr\u00e9servation de cette magnifique race, nous vous accompagnons dans la r\u00e9alisation de vos objectifs d\u2019\u00e9levage et vous aidons bij la vente de votre cheval.<\/p>","protected":false},"excerpt":{"rendered":"<p>Devenez membre de l\u2019EAFS et recevez notre bulletin, rempli d\u2019articles passionnants et d\u2019interviews inspirantes. En plus de contribuer \u00e0 la pr\u00e9servation de cette magnifique race, nous vous accompagnons dans la r\u00e9alisation de vos objectifs d\u2019\u00e9levage et vous aidons bij la vente de votre cheval.<\/p>","protected":false},"featured_media":60,"comment_status":"closed","ping_status":"closed","template":"","meta":{"_monsterinsights_skip_tracking":false,"_monsterinsights_sitenote_active":false,"_monsterinsights_sitenote_note":"","_monsterinsights_sitenote_category":0,"_uf_show_specific_survey":0,"_uf_disable_surveys":false},"product_brand":[],"product_cat":[20],"product_tag":[19],"class_list":{"0":"post-3277","1":"product","2":"type-product","3":"status-publish","4":"has-post-thumbnail","6":"product_cat-lidgeld","7":"product_tag-lidmaatschap","9":"first","10":"instock","11":"virtual","12":"purchasable","13":"product-type-simple"},"yoast_head":"<!-- This site is optimized with the Yoast SEO plugin v27.5 - https:\/\/yoast.com\/product\/yoast-seo-wordpress\/ -->\n<title>Adh\u00e9sion 2026 - European Arabo-Friesian Studbook<\/title>\n<meta name=\"description\" content=\"Steun het EAFS en draag bij aan het voortbestaan van onze mooie Friese x warmbloed combinaties.\" \/>\n<meta name=\"robots\" content=\"index, follow, max-snippet:-1, max-image-preview:large, max-video-preview:-1\" \/>\n<link rel=\"canonical\" href=\"https:\/\/www.arabofriezen.be\/fr\/produit\/adhesion-2026\/\" \/>\n<meta property=\"og:locale\" content=\"fr_FR\" \/>\n<meta property=\"og:type\" content=\"article\" \/>\n<meta property=\"og:title\" content=\"Adh\u00e9sion 2026 - European Arabo-Friesian Studbook\" \/>\n<meta property=\"og:description\" content=\"Steun het EAFS en draag bij aan het voortbestaan van onze mooie Friese x warmbloed combinaties.\" \/>\n<meta property=\"og:url\" content=\"https:\/\/www.arabofriezen.be\/fr\/produit\/adhesion-2026\/\" \/>\n<meta property=\"og:site_name\" content=\"European Arabo-Friesian Studbook\" \/>\n<meta property=\"article:publisher\" content=\"https:\/\/www.facebook.com\/eafsstamboek\" \/>\n<meta property=\"article:modified_time\" content=\"2026-03-03T11:02:09+00:00\" \/>\n<meta property=\"og:image\" content=\"https:\/\/www.arabofriezen.be\/wp-content\/uploads\/2023\/05\/logo_en_klein.png\" \/>\n\t<meta property=\"og:image:width\" content=\"500\" \/>\n\t<meta property=\"og:image:height\" content=\"353\" \/>\n\t<meta property=\"og:image:type\" content=\"image\/png\" \/>\n<meta name=\"twitter:card\" content=\"summary_large_image\" \/>\n<meta name=\"twitter:label1\" content=\"Dur\u00e9e de lecture estim\u00e9e\" \/>\n\t<meta name=\"twitter:data1\" content=\"1 minute\" \/>\n<script type=\"application\/ld+json\" class=\"yoast-schema-graph\">{\"@context\":\"https:\\\/\\\/schema.org\",\"@graph\":[{\"@type\":\"WebPage\",\"@id\":\"https:\\\/\\\/www.arabofriezen.be\\\/product\\\/adhesion-2026\\\/\",\"url\":\"https:\\\/\\\/www.arabofriezen.be\\\/product\\\/adhesion-2026\\\/\",\"name\":\"Adh\u00e9sion 2026 - European Arabo-Friesian Studbook\",\"isPartOf\":{\"@id\":\"https:\\\/\\\/www.arabofriezen.be\\\/#website\"},\"primaryImageOfPage\":{\"@id\":\"https:\\\/\\\/www.arabofriezen.be\\\/product\\\/adhesion-2026\\\/#primaryimage\"},\"image\":{\"@id\":\"https:\\\/\\\/www.arabofriezen.be\\\/product\\\/adhesion-2026\\\/#primaryimage\"},\"thumbnailUrl\":\"https:\\\/\\\/www.arabofriezen.be\\\/wp-content\\\/uploads\\\/2023\\\/05\\\/logo_en_klein.png\",\"datePublished\":\"2025-12-04T19:33:18+00:00\",\"dateModified\":\"2026-03-03T11:02:09+00:00\",\"description\":\"Steun het EAFS en draag bij aan het voortbestaan van onze mooie Friese x warmbloed combinaties.\",\"breadcrumb\":{\"@id\":\"https:\\\/\\\/www.arabofriezen.be\\\/product\\\/adhesion-2026\\\/#breadcrumb\"},\"inLanguage\":\"fr-FR\",\"potentialAction\":[{\"@type\":\"ReadAction\",\"target\":[\"https:\\\/\\\/www.arabofriezen.be\\\/product\\\/adhesion-2026\\\/\"]}]},{\"@type\":\"ImageObject\",\"inLanguage\":\"fr-FR\",\"@id\":\"https:\\\/\\\/www.arabofriezen.be\\\/product\\\/adhesion-2026\\\/#primaryimage\",\"url\":\"https:\\\/\\\/www.arabofriezen.be\\\/wp-content\\\/uploads\\\/2023\\\/05\\\/logo_en_klein.png\",\"contentUrl\":\"https:\\\/\\\/www.arabofriezen.be\\\/wp-content\\\/uploads\\\/2023\\\/05\\\/logo_en_klein.png\",\"width\":500,\"height\":353},{\"@type\":\"BreadcrumbList\",\"@id\":\"https:\\\/\\\/www.arabofriezen.be\\\/product\\\/adhesion-2026\\\/#breadcrumb\",\"itemListElement\":[{\"@type\":\"ListItem\",\"position\":1,\"name\":\"Home\",\"item\":\"https:\\\/\\\/www.arabofriezen.be\\\/\"},{\"@type\":\"ListItem\",\"position\":2,\"name\":\"Winkel\",\"item\":\"https:\\\/\\\/www.arabofriezen.be\\\/winkel\\\/\"},{\"@type\":\"ListItem\",\"position\":3,\"name\":\"Adh\u00e9sion 2026\"}]},{\"@type\":\"WebSite\",\"@id\":\"https:\\\/\\\/www.arabofriezen.be\\\/#website\",\"url\":\"https:\\\/\\\/www.arabofriezen.be\\\/\",\"name\":\"European Arabo-Friesian Studbook\",\"description\":\"Het perfecte paard voor iedere uitdaging.\",\"publisher\":{\"@id\":\"https:\\\/\\\/www.arabofriezen.be\\\/#organization\"},\"alternateName\":\"EAFS\",\"potentialAction\":[{\"@type\":\"SearchAction\",\"target\":{\"@type\":\"EntryPoint\",\"urlTemplate\":\"https:\\\/\\\/www.arabofriezen.be\\\/?s={search_term_string}\"},\"query-input\":{\"@type\":\"PropertyValueSpecification\",\"valueRequired\":true,\"valueName\":\"search_term_string\"}}],\"inLanguage\":\"fr-FR\"},{\"@type\":\"Organization\",\"@id\":\"https:\\\/\\\/www.arabofriezen.be\\\/#organization\",\"name\":\"Europese Arabo-Friezen Stamboek\",\"alternateName\":\"EAFS\",\"url\":\"https:\\\/\\\/www.arabofriezen.be\\\/\",\"logo\":{\"@type\":\"ImageObject\",\"inLanguage\":\"fr-FR\",\"@id\":\"https:\\\/\\\/www.arabofriezen.be\\\/#\\\/schema\\\/logo\\\/image\\\/\",\"url\":\"https:\\\/\\\/www.arabofriezen.be\\\/wp-content\\\/uploads\\\/2023\\\/05\\\/logo_en_klein.png\",\"contentUrl\":\"https:\\\/\\\/www.arabofriezen.be\\\/wp-content\\\/uploads\\\/2023\\\/05\\\/logo_en_klein.png\",\"width\":500,\"height\":353,\"caption\":\"Europese Arabo-Friezen Stamboek\"},\"image\":{\"@id\":\"https:\\\/\\\/www.arabofriezen.be\\\/#\\\/schema\\\/logo\\\/image\\\/\"},\"sameAs\":[\"https:\\\/\\\/www.facebook.com\\\/eafsstamboek\"]}]}<\/script>\n<!-- \/ Yoast SEO plugin. -->","yoast_head_json":{"title":"Adh\u00e9sion 2026 - European Arabo-Friesian Studbook","description":"Steun het EAFS en draag bij aan het voortbestaan van onze mooie Friese x warmbloed combinaties.","robots":{"index":"index","follow":"follow","max-snippet":"max-snippet:-1","max-image-preview":"max-image-preview:large","max-video-preview":"max-video-preview:-1"},"canonical":"https:\/\/www.arabofriezen.be\/fr\/produit\/adhesion-2026\/","og_locale":"fr_FR","og_type":"article","og_title":"Adh\u00e9sion 2026 - European Arabo-Friesian Studbook","og_description":"Steun het EAFS en draag bij aan het voortbestaan van onze mooie Friese x warmbloed combinaties.","og_url":"https:\/\/www.arabofriezen.be\/fr\/produit\/adhesion-2026\/","og_site_name":"European Arabo-Friesian Studbook","article_publisher":"https:\/\/www.facebook.com\/eafsstamboek","article_modified_time":"2026-03-03T11:02:09+00:00","og_image":[{"width":500,"height":353,"url":"https:\/\/www.arabofriezen.be\/wp-content\/uploads\/2023\/05\/logo_en_klein.png","type":"image\/png"}],"twitter_card":"summary_large_image","twitter_misc":{"Dur\u00e9e de lecture estim\u00e9e":"1 minute"},"schema":{"@context":"https:\/\/schema.org","@graph":[{"@type":"WebPage","@id":"https:\/\/www.arabofriezen.be\/product\/adhesion-2026\/","url":"https:\/\/www.arabofriezen.be\/product\/adhesion-2026\/","name":"Adh\u00e9sion 2026 - European Arabo-Friesian Studbook","isPartOf":{"@id":"https:\/\/www.arabofriezen.be\/#website"},"primaryImageOfPage":{"@id":"https:\/\/www.arabofriezen.be\/product\/adhesion-2026\/#primaryimage"},"image":{"@id":"https:\/\/www.arabofriezen.be\/product\/adhesion-2026\/#primaryimage"},"thumbnailUrl":"https:\/\/www.arabofriezen.be\/wp-content\/uploads\/2023\/05\/logo_en_klein.png","datePublished":"2025-12-04T19:33:18+00:00","dateModified":"2026-03-03T11:02:09+00:00","description":"Steun het EAFS en draag bij aan het voortbestaan van onze mooie Friese x warmbloed combinaties.","breadcrumb":{"@id":"https:\/\/www.arabofriezen.be\/product\/adhesion-2026\/#breadcrumb"},"inLanguage":"fr-FR","potentialAction":[{"@type":"ReadAction","target":["https:\/\/www.arabofriezen.be\/product\/adhesion-2026\/"]}]},{"@type":"ImageObject","inLanguage":"fr-FR","@id":"https:\/\/www.arabofriezen.be\/product\/adhesion-2026\/#primaryimage","url":"https:\/\/www.arabofriezen.be\/wp-content\/uploads\/2023\/05\/logo_en_klein.png","contentUrl":"https:\/\/www.arabofriezen.be\/wp-content\/uploads\/2023\/05\/logo_en_klein.png","width":500,"height":353},{"@type":"BreadcrumbList","@id":"https:\/\/www.arabofriezen.be\/product\/adhesion-2026\/#breadcrumb","itemListElement":[{"@type":"ListItem","position":1,"name":"Home","item":"https:\/\/www.arabofriezen.be\/"},{"@type":"ListItem","position":2,"name":"Winkel","item":"https:\/\/www.arabofriezen.be\/winkel\/"},{"@type":"ListItem","position":3,"name":"Adh\u00e9sion 2026"}]},{"@type":"WebSite","@id":"https:\/\/www.arabofriezen.be\/#website","url":"https:\/\/www.arabofriezen.be\/","name":"European Arabo-Friesian Studbook","description":"Le cheval id\u00e9al pour relever tous les d\u00e9fis.","publisher":{"@id":"https:\/\/www.arabofriezen.be\/#organization"},"alternateName":"EAFS","potentialAction":[{"@type":"SearchAction","target":{"@type":"EntryPoint","urlTemplate":"https:\/\/www.arabofriezen.be\/?s={search_term_string}"},"query-input":{"@type":"PropertyValueSpecification","valueRequired":true,"valueName":"search_term_string"}}],"inLanguage":"fr-FR"},{"@type":"Organization","@id":"https:\/\/www.arabofriezen.be\/#organization","name":"Europese Arabo-Friezen Stamboek","alternateName":"EAFS","url":"https:\/\/www.arabofriezen.be\/","logo":{"@type":"ImageObject","inLanguage":"fr-FR","@id":"https:\/\/www.arabofriezen.be\/#\/schema\/logo\/image\/","url":"https:\/\/www.arabofriezen.be\/wp-content\/uploads\/2023\/05\/logo_en_klein.png","contentUrl":"https:\/\/www.arabofriezen.be\/wp-content\/uploads\/2023\/05\/logo_en_klein.png","width":500,"height":353,"caption":"Europese Arabo-Friezen Stamboek"},"image":{"@id":"https:\/\/www.arabofriezen.be\/#\/schema\/logo\/image\/"},"sameAs":["https:\/\/www.facebook.com\/eafsstamboek"]}]}},"_links":{"self":[{"href":"https:\/\/www.arabofriezen.be\/fr\/wp-json\/wp\/v2\/product\/3277","targetHints":{"allow":["GET"]}}],"collection":[{"href":"https:\/\/www.arabofriezen.be\/fr\/wp-json\/wp\/v2\/product"}],"about":[{"href":"https:\/\/www.arabofriezen.be\/fr\/wp-json\/wp\/v2\/types\/product"}],"replies":[{"embeddable":true,"href":"https:\/\/www.arabofriezen.be\/fr\/wp-json\/wp\/v2\/comments?post=3277"}],"wp:featuredmedia":[{"embeddable":true,"href":"https:\/\/www.arabofriezen.be\/fr\/wp-json\/wp\/v2\/media\/60"}],"wp:attachment":[{"href":"https:\/\/www.arabofriezen.be\/fr\/wp-json\/wp\/v2\/media?parent=3277"}],"wp:term":[{"taxonomy":"product_brand","embeddable":true,"href":"https:\/\/www.arabofriezen.be\/fr\/wp-json\/wp\/v2\/product_brand?post=3277"},{"taxonomy":"product_cat","embeddable":true,"href":"https:\/\/www.arabofriezen.be\/fr\/wp-json\/wp\/v2\/product_cat?post=3277"},{"taxonomy":"product_tag","embeddable":true,"href":"https:\/\/www.arabofriezen.be\/fr\/wp-json\/wp\/v2\/product_tag?post=3277"}],"curies":[{"name":"wp","href":"https:\/\/api.w.org\/{rel}","templated":true}]}}